{"id":64,"date":"2023-11-09T18:01:14","date_gmt":"2023-11-09T17:01:14","guid":{"rendered":"https:\/\/ipower.hu\/?page_id=64"},"modified":"2024-05-15T13:40:03","modified_gmt":"2024-05-15T11:40:03","slug":"hirek","status":"publish","type":"page","link":"https:\/\/ipower.hu\/index.php\/hirek\/","title":{"rendered":"H\u00edrek"},"content":{"rendered":"\t\t<div data-elementor-type=\"wp-page\" data-elementor-id=\"64\" class=\"elementor elementor-64\" data-elementor-post-type=\"page\">\n\t\t\t\t\t\t\t<div class=\"elementor-element elementor-element-ba03777 e-flex e-con-boxed e-con e-parent\" data-id=\"ba03777\" data-element_type=\"container\" data-settings=\"{&quot;background_background&quot;:&quot;classic&quot;,&quot;content_width&quot;:&quot;boxed&quot;}\" data-core-v316-plus=\"true\">\n\t\t\t\t\t<div class=\"e-con-inner\">\n\t\t\t\t\t<\/div>\n\t\t\t\t<\/div>\n\t\t<div class=\"elementor-element elementor-element-5f41c6e e-flex e-con-boxed e-con e-parent\" data-id=\"5f41c6e\" data-element_type=\"container\" data-settings=\"{&quot;content_width&quot;:&quot;boxed&quot;}\" data-core-v316-plus=\"true\">\n\t\t\t\t\t<div class=\"e-con-inner\">\n\t\t\t\t<div class=\"elementor-element elementor-element-39aa635 elementor-grid-3 elementor-grid-tablet-2 elementor-grid-mobile-1 elementor-widget elementor-widget-loop-grid\" data-id=\"39aa635\" data-element_type=\"widget\" data-settings=\"{&quot;template_id&quot;:170,&quot;columns&quot;:3,&quot;_skin&quot;:&quot;post&quot;,&quot;columns_tablet&quot;:&quot;2&quot;,&quot;columns_mobile&quot;:&quot;1&quot;,&quot;edit_handle_selector&quot;:&quot;[data-elementor-type=\\&quot;loop-item\\&quot;]&quot;,&quot;row_gap&quot;:{&quot;unit&quot;:&quot;px&quot;,&quot;size&quot;:&quot;&quot;,&quot;sizes&quot;:[]},&quot;row_gap_tablet&quot;:{&quot;unit&quot;:&quot;px&quot;,&quot;size&quot;:&quot;&quot;,&quot;sizes&quot;:[]},&quot;row_gap_mobile&quot;:{&quot;unit&quot;:&quot;px&quot;,&quot;size&quot;:&quot;&quot;,&quot;sizes&quot;:[]}}\" data-widget_type=\"loop-grid.post\">\n\t\t\t\t<div class=\"elementor-widget-container\">\n\t\t\t<link rel=\"stylesheet\" href=\"https:\/\/ipower.hu\/wp-content\/plugins\/elementor-pro\/assets\/css\/widget-loop-builder.min.css\">\t\t<div class=\"elementor-loop-container elementor-grid\">\n\t\t<style id=\"loop-170\">.elementor-170 .elementor-element.elementor-element-53cf0b8{--display:flex;--min-height:400px;--flex-direction:column;--container-widget-width:100%;--container-widget-height:initial;--container-widget-flex-grow:0;--container-widget-align-self:initial;--gap:8px 8px;--background-transition:0.3s;--border-radius:10px 10px 10px 10px;box-shadow:0px 10px 30px 0px rgba(0, 0, 0, 0.1);--padding-block-start:0px;--padding-block-end:0px;--padding-inline-start:0px;--padding-inline-end:0px;}.elementor-170 .elementor-element.elementor-element-53cf0b8:not(.elementor-motion-effects-element-type-background), .elementor-170 .elementor-element.elementor-element-53cf0b8 > .elementor-motion-effects-container > .elementor-motion-effects-layer{background-color:#FFFFFF1A;}.elementor-170 .elementor-element.elementor-element-53cf0b8, .elementor-170 .elementor-element.elementor-element-53cf0b8::before{--border-transition:0.3s;}.elementor-170 .elementor-element.elementor-element-4c5c078 img{height:220px;object-fit:cover;object-position:center center;border-radius:010px 010px 0px 0px;}.elementor-170 .elementor-element.elementor-element-bf4e613{--display:flex;--background-transition:0.3s;--margin-block-start:012px;--margin-block-end:0px;--margin-inline-start:0px;--margin-inline-end:0px;--padding-block-start:0px;--padding-block-end:16px;--padding-inline-start:16px;--padding-inline-end:16px;}.elementor-170 .elementor-element.elementor-element-7a2f3ae .elementor-heading-title{color:var( --e-global-color-text );font-family:var( --e-global-typography-67992d3-font-family ), Sans-serif;font-size:var( --e-global-typography-67992d3-font-size );font-weight:var( --e-global-typography-67992d3-font-weight );text-transform:var( --e-global-typography-67992d3-text-transform );line-height:var( --e-global-typography-67992d3-line-height );letter-spacing:var( --e-global-typography-67992d3-letter-spacing );word-spacing:var( --e-global-typography-67992d3-word-spacing );}.elementor-170 .elementor-element.elementor-element-084d0dc .elementor-widget-container{color:var( --e-global-color-1198024 );font-family:var( --e-global-typography-a0b11c4-font-family ), Sans-serif;font-size:var( --e-global-typography-a0b11c4-font-size );font-weight:var( --e-global-typography-a0b11c4-font-weight );line-height:var( --e-global-typography-a0b11c4-line-height );letter-spacing:var( --e-global-typography-a0b11c4-letter-spacing );word-spacing:var( --e-global-typography-a0b11c4-word-spacing );}@media(max-width:1024px){.elementor-170 .elementor-element.elementor-element-7a2f3ae .elementor-heading-title{font-size:var( --e-global-typography-67992d3-font-size );line-height:var( --e-global-typography-67992d3-line-height );letter-spacing:var( --e-global-typography-67992d3-letter-spacing );word-spacing:var( --e-global-typography-67992d3-word-spacing );}.elementor-170 .elementor-element.elementor-element-084d0dc .elementor-widget-container{font-size:var( --e-global-typography-a0b11c4-font-size );line-height:var( --e-global-typography-a0b11c4-line-height );letter-spacing:var( --e-global-typography-a0b11c4-letter-spacing );word-spacing:var( --e-global-typography-a0b11c4-word-spacing );}}@media(max-width:767px){.elementor-170 .elementor-element.elementor-element-7a2f3ae .elementor-heading-title{font-size:var( --e-global-typography-67992d3-font-size );line-height:var( --e-global-typography-67992d3-line-height );letter-spacing:var( --e-global-typography-67992d3-letter-spacing );word-spacing:var( --e-global-typography-67992d3-word-spacing );}.elementor-170 .elementor-element.elementor-element-084d0dc .elementor-widget-container{font-size:var( --e-global-typography-a0b11c4-font-size );line-height:var( --e-global-typography-a0b11c4-line-height );letter-spacing:var( --e-global-typography-a0b11c4-letter-spacing );word-spacing:var( --e-global-typography-a0b11c4-word-spacing );}}\/* Start custom CSS for container, class: .elementor-element-53cf0b8 *\/.bg-blur {\nbackdrop-filter: blur(10px); }\/* End custom CSS *\/<\/style>\t\t<div data-elementor-type=\"loop-item\" data-elementor-id=\"170\" class=\"elementor elementor-170 e-loop-item e-loop-item-995 post-995 post type-post status-publish format-standard has-post-thumbnail hentry category-egyeb\" data-elementor-post-type=\"elementor_library\" data-custom-edit-handle=\"1\">\n\t\t\t\t\t\t<div class=\"elementor-element elementor-element-53cf0b8 bg-blur e-flex e-con-boxed e-con e-parent\" data-id=\"53cf0b8\" data-element_type=\"container\" data-settings=\"{&quot;background_background&quot;:&quot;classic&quot;,&quot;content_width&quot;:&quot;boxed&quot;}\" data-core-v316-plus=\"true\">\n\t\t\t\t\t<div class=\"e-con-inner\">\n\t\t\t\t<div class=\"elementor-element elementor-element-4c5c078 elementor-widget elementor-widget-theme-post-featured-image elementor-widget-image\" data-id=\"4c5c078\" data-element_type=\"widget\" data-widget_type=\"theme-post-featured-image.default\">\n\t\t\t\t<div class=\"elementor-widget-container\">\n\t\t\t<style>\/*! elementor - v3.17.0 - 01-11-2023 *\/\n.elementor-widget-image{text-align:center}.elementor-widget-image a{display:inline-block}.elementor-widget-image a img[src$=\".svg\"]{width:48px}.elementor-widget-image img{vertical-align:middle;display:inline-block}<\/style>\t\t\t\t\t\t\t\t\t\t\t\t<img fetchpriority=\"high\" decoding=\"async\" width=\"800\" height=\"534\" src=\"https:\/\/ipower.hu\/wp-content\/uploads\/2024\/10\/459030188_10160652339688450_963008732143996137_n.jpg\" class=\"attachment-large size-large wp-image-996\" alt=\"\" srcset=\"https:\/\/ipower.hu\/wp-content\/uploads\/2024\/10\/459030188_10160652339688450_963008732143996137_n.jpg 1024w, https:\/\/ipower.hu\/wp-content\/uploads\/2024\/10\/459030188_10160652339688450_963008732143996137_n-300x200.jpg 300w, https:\/\/ipower.hu\/wp-content\/uploads\/2024\/10\/459030188_10160652339688450_963008732143996137_n-768x512.jpg 768w\" sizes=\"(max-width: 800px) 100vw, 800px\" \/>\t\t\t\t\t\t\t\t\t\t\t\t\t\t\t<\/div>\n\t\t\t\t<\/div>\n\t\t<div class=\"elementor-element elementor-element-bf4e613 e-flex e-con-boxed e-con e-child\" data-id=\"bf4e613\" data-element_type=\"container\" data-settings=\"{&quot;content_width&quot;:&quot;boxed&quot;}\">\n\t\t\t\t\t<div class=\"e-con-inner\">\n\t\t\t\t<div class=\"elementor-element elementor-element-7a2f3ae elementor-widget elementor-widget-theme-post-title elementor-page-title elementor-widget-heading\" data-id=\"7a2f3ae\" data-element_type=\"widget\" data-widget_type=\"theme-post-title.default\">\n\t\t\t\t<div class=\"elementor-widget-container\">\n\t\t\t<style>\/*! elementor - v3.17.0 - 01-11-2023 *\/\n.elementor-heading-title{padding:0;margin:0;line-height:1}.elementor-widget-heading .elementor-heading-title[class*=elementor-size-]>a{color:inherit;font-size:inherit;line-height:inherit}.elementor-widget-heading .elementor-heading-title.elementor-size-small{font-size:15px}.elementor-widget-heading .elementor-heading-title.elementor-size-medium{font-size:19px}.elementor-widget-heading .elementor-heading-title.elementor-size-large{font-size:29px}.elementor-widget-heading .elementor-heading-title.elementor-size-xl{font-size:39px}.elementor-widget-heading .elementor-heading-title.elementor-size-xxl{font-size:59px}<\/style><h1 class=\"elementor-heading-title elementor-size-default\"><a href=\"https:\/\/ipower.hu\/index.php\/2024\/10\/03\/perspektiva-mentorprogram\/\">Perspekt\u00edva Mentorprogram<\/a><\/h1>\t\t<\/div>\n\t\t\t\t<\/div>\n\t\t\t\t<div class=\"elementor-element elementor-element-084d0dc elementor-widget elementor-widget-theme-post-excerpt\" data-id=\"084d0dc\" data-element_type=\"widget\" data-widget_type=\"theme-post-excerpt.default\">\n\t\t\t\t<div class=\"elementor-widget-container\">\n\t\t\t<p>Az Art is Business szervez\u00e9s\u00e9ben megrendez\u00e9sre ker\u00fclt 2024 nyar\u00e1n a Perspekt\u00edva Mentorprogram, ahol \u00fcgyvezet\u0151 tulajdonosunk mentor szerepet v\u00e1llalt. Mentor\u00e1ltj\u00e1val, dr. V\u00e1czi L\u00e1szl\u00f3val, a Bethlen T\u00e9ri sz\u00ednh\u00e1z igazgat\u00f3j\u00e1val nagyon inspir\u00e1l\u00f3 \u00e9s\t\t<\/div>\n\t\t\t\t<\/div>\n\t\t\t\t\t<\/div>\n\t\t\t\t<\/div>\n\t\t\t\t\t<\/div>\n\t\t\t\t<\/div>\n\t\t\t\t\t\t<\/div>\n\t\t\t\t<div data-elementor-type=\"loop-item\" data-elementor-id=\"170\" class=\"elementor elementor-170 e-loop-item e-loop-item-945 post-945 post type-post status-publish format-standard has-post-thumbnail hentry category-egyeb\" data-elementor-post-type=\"elementor_library\" data-custom-edit-handle=\"1\">\n\t\t\t\t\t\t<div class=\"elementor-element elementor-element-53cf0b8 bg-blur e-flex e-con-boxed e-con e-parent\" data-id=\"53cf0b8\" data-element_type=\"container\" data-settings=\"{&quot;background_background&quot;:&quot;classic&quot;,&quot;content_width&quot;:&quot;boxed&quot;}\" data-core-v316-plus=\"true\">\n\t\t\t\t\t<div class=\"e-con-inner\">\n\t\t\t\t<div class=\"elementor-element elementor-element-4c5c078 elementor-widget elementor-widget-theme-post-featured-image elementor-widget-image\" data-id=\"4c5c078\" data-element_type=\"widget\" data-widget_type=\"theme-post-featured-image.default\">\n\t\t\t\t<div class=\"elementor-widget-container\">\n\t\t\t\t\t\t\t\t\t\t\t\t\t\t\t<img decoding=\"async\" width=\"800\" height=\"533\" src=\"https:\/\/ipower.hu\/wp-content\/uploads\/2024\/05\/resztvevok-1024x682.jpg\" class=\"attachment-large size-large wp-image-947\" alt=\"\" srcset=\"https:\/\/ipower.hu\/wp-content\/uploads\/2024\/05\/resztvevok-1024x682.jpg 1024w, https:\/\/ipower.hu\/wp-content\/uploads\/2024\/05\/resztvevok-300x200.jpg 300w, https:\/\/ipower.hu\/wp-content\/uploads\/2024\/05\/resztvevok-768x512.jpg 768w, https:\/\/ipower.hu\/wp-content\/uploads\/2024\/05\/resztvevok-1536x1024.jpg 1536w, https:\/\/ipower.hu\/wp-content\/uploads\/2024\/05\/resztvevok-2048x1365.jpg 2048w\" sizes=\"(max-width: 800px) 100vw, 800px\" \/>\t\t\t\t\t\t\t\t\t\t\t\t\t\t\t<\/div>\n\t\t\t\t<\/div>\n\t\t<div class=\"elementor-element elementor-element-bf4e613 e-flex e-con-boxed e-con e-child\" data-id=\"bf4e613\" data-element_type=\"container\" data-settings=\"{&quot;content_width&quot;:&quot;boxed&quot;}\">\n\t\t\t\t\t<div class=\"e-con-inner\">\n\t\t\t\t<div class=\"elementor-element elementor-element-7a2f3ae elementor-widget elementor-widget-theme-post-title elementor-page-title elementor-widget-heading\" data-id=\"7a2f3ae\" data-element_type=\"widget\" data-widget_type=\"theme-post-title.default\">\n\t\t\t\t<div class=\"elementor-widget-container\">\n\t\t\t<h1 class=\"elementor-heading-title elementor-size-default\"><a href=\"https:\/\/ipower.hu\/index.php\/2024\/05\/15\/uj-dimenziok-a-cegek-vilagaban-lelekkel-teli-vallalkozasok-talalkozoja\/\">\u00daj dimenzi\u00f3k a c\u00e9gek vil\u00e1g\u00e1ban!<\/a><\/h1>\t\t<\/div>\n\t\t\t\t<\/div>\n\t\t\t\t<div class=\"elementor-element elementor-element-084d0dc elementor-widget elementor-widget-theme-post-excerpt\" data-id=\"084d0dc\" data-element_type=\"widget\" data-widget_type=\"theme-post-excerpt.default\">\n\t\t\t\t<div class=\"elementor-widget-container\">\n\t\t\t<p>2024. m\u00e1jus 9-\u00e9n a SwiconGroup els\u0151 alkalommal rendezte meg a L\u00e9lekkel teli v\u00e1llalkoz\u00e1sok tal\u00e1lkoz\u00f3j\u00e1t, egy k\u00fcl\u00f6nleges esem\u00e9nyt, amely a v\u00e1llalkoz\u00f3i szellem \u00e9s a m\u0171v\u00e9szetek tal\u00e1lkoz\u00e1s\u00e1t \u00fcnnepelte a fest\u0151i Szentendr\u00e9n, a\t\t<\/div>\n\t\t\t\t<\/div>\n\t\t\t\t\t<\/div>\n\t\t\t\t<\/div>\n\t\t\t\t\t<\/div>\n\t\t\t\t<\/div>\n\t\t\t\t\t\t<\/div>\n\t\t\t\t<div data-elementor-type=\"loop-item\" data-elementor-id=\"170\" class=\"elementor elementor-170 e-loop-item e-loop-item-190 post-190 post type-post status-publish format-standard has-post-thumbnail hentry category-egyeb\" data-elementor-post-type=\"elementor_library\" data-custom-edit-handle=\"1\">\n\t\t\t\t\t\t<div class=\"elementor-element elementor-element-53cf0b8 bg-blur e-flex e-con-boxed e-con e-parent\" data-id=\"53cf0b8\" data-element_type=\"container\" data-settings=\"{&quot;background_background&quot;:&quot;classic&quot;,&quot;content_width&quot;:&quot;boxed&quot;}\" data-core-v316-plus=\"true\">\n\t\t\t\t\t<div class=\"e-con-inner\">\n\t\t\t\t<div class=\"elementor-element elementor-element-4c5c078 elementor-widget elementor-widget-theme-post-featured-image elementor-widget-image\" data-id=\"4c5c078\" data-element_type=\"widget\" data-widget_type=\"theme-post-featured-image.default\">\n\t\t\t\t<div class=\"elementor-widget-container\">\n\t\t\t\t\t\t\t\t\t\t\t\t\t\t\t<img decoding=\"async\" width=\"800\" height=\"442\" src=\"https:\/\/ipower.hu\/wp-content\/uploads\/2023\/11\/partner_nap-1024x566.jpg\" class=\"attachment-large size-large wp-image-736\" alt=\"\" srcset=\"https:\/\/ipower.hu\/wp-content\/uploads\/2023\/11\/partner_nap-1024x566.jpg 1024w, https:\/\/ipower.hu\/wp-content\/uploads\/2023\/11\/partner_nap-300x166.jpg 300w, https:\/\/ipower.hu\/wp-content\/uploads\/2023\/11\/partner_nap-768x425.jpg 768w, https:\/\/ipower.hu\/wp-content\/uploads\/2023\/11\/partner_nap-1536x850.jpg 1536w, https:\/\/ipower.hu\/wp-content\/uploads\/2023\/11\/partner_nap.jpg 1920w\" sizes=\"(max-width: 800px) 100vw, 800px\" \/>\t\t\t\t\t\t\t\t\t\t\t\t\t\t\t<\/div>\n\t\t\t\t<\/div>\n\t\t<div class=\"elementor-element elementor-element-bf4e613 e-flex e-con-boxed e-con e-child\" data-id=\"bf4e613\" data-element_type=\"container\" data-settings=\"{&quot;content_width&quot;:&quot;boxed&quot;}\">\n\t\t\t\t\t<div class=\"e-con-inner\">\n\t\t\t\t<div class=\"elementor-element elementor-element-7a2f3ae elementor-widget elementor-widget-theme-post-title elementor-page-title elementor-widget-heading\" data-id=\"7a2f3ae\" data-element_type=\"widget\" data-widget_type=\"theme-post-title.default\">\n\t\t\t\t<div class=\"elementor-widget-container\">\n\t\t\t<h1 class=\"elementor-heading-title elementor-size-default\"><a href=\"https:\/\/ipower.hu\/index.php\/2023\/11\/10\/partner-nap-2023\/\">Partner Nap 2023!<\/a><\/h1>\t\t<\/div>\n\t\t\t\t<\/div>\n\t\t\t\t<div class=\"elementor-element elementor-element-084d0dc elementor-widget elementor-widget-theme-post-excerpt\" data-id=\"084d0dc\" data-element_type=\"widget\" data-widget_type=\"theme-post-excerpt.default\">\n\t\t\t\t<div class=\"elementor-widget-container\">\n\t\t\t<p>Az idei \u00e9vt\u0151l trad\u00edci\u00f3nak sz\u00e1m\u00edt\u00f3 Partner rendezv\u00e9ny\u00fcnk 2023. november 30-\u00e1n ker\u00fclt megrendez\u00e9sre. Az esem\u00e9ny helyet adott a szakmai rendezv\u00e9nyek mellett egy hangulatos kerekasztal besz\u00e9lget\u00e9snek is. Szakmai el\u0151ad\u00f3ink k\u00f6z\u00f6tt k\u00f6sz\u00f6nthett\u00fck hazai\t\t<\/div>\n\t\t\t\t<\/div>\n\t\t\t\t\t<\/div>\n\t\t\t\t<\/div>\n\t\t\t\t\t<\/div>\n\t\t\t\t<\/div>\n\t\t\t\t\t\t<\/div>\n\t\t\t\t<div data-elementor-type=\"loop-item\" data-elementor-id=\"170\" class=\"elementor elementor-170 e-loop-item e-loop-item-187 post-187 post type-post status-publish format-standard has-post-thumbnail hentry category-egyeb\" data-elementor-post-type=\"elementor_library\" data-custom-edit-handle=\"1\">\n\t\t\t\t\t\t<div class=\"elementor-element elementor-element-53cf0b8 bg-blur e-flex e-con-boxed e-con e-parent\" data-id=\"53cf0b8\" data-element_type=\"container\" data-settings=\"{&quot;background_background&quot;:&quot;classic&quot;,&quot;content_width&quot;:&quot;boxed&quot;}\" data-core-v316-plus=\"true\">\n\t\t\t\t\t<div class=\"e-con-inner\">\n\t\t\t\t<div class=\"elementor-element elementor-element-4c5c078 elementor-widget elementor-widget-theme-post-featured-image elementor-widget-image\" data-id=\"4c5c078\" data-element_type=\"widget\" data-widget_type=\"theme-post-featured-image.default\">\n\t\t\t\t<div class=\"elementor-widget-container\">\n\t\t\t\t\t\t\t\t\t\t\t\t\t\t\t<img loading=\"lazy\" decoding=\"async\" width=\"800\" height=\"600\" src=\"https:\/\/ipower.hu\/wp-content\/uploads\/2023\/11\/Art_is_Business_interju.jpg\" class=\"attachment-large size-large wp-image-802\" alt=\"\" srcset=\"https:\/\/ipower.hu\/wp-content\/uploads\/2023\/11\/Art_is_Business_interju.jpg 1024w, https:\/\/ipower.hu\/wp-content\/uploads\/2023\/11\/Art_is_Business_interju-300x225.jpg 300w, https:\/\/ipower.hu\/wp-content\/uploads\/2023\/11\/Art_is_Business_interju-768x576.jpg 768w\" sizes=\"(max-width: 800px) 100vw, 800px\" \/>\t\t\t\t\t\t\t\t\t\t\t\t\t\t\t<\/div>\n\t\t\t\t<\/div>\n\t\t<div class=\"elementor-element elementor-element-bf4e613 e-flex e-con-boxed e-con e-child\" data-id=\"bf4e613\" data-element_type=\"container\" data-settings=\"{&quot;content_width&quot;:&quot;boxed&quot;}\">\n\t\t\t\t\t<div class=\"e-con-inner\">\n\t\t\t\t<div class=\"elementor-element elementor-element-7a2f3ae elementor-widget elementor-widget-theme-post-title elementor-page-title elementor-widget-heading\" data-id=\"7a2f3ae\" data-element_type=\"widget\" data-widget_type=\"theme-post-title.default\">\n\t\t\t\t<div class=\"elementor-widget-container\">\n\t\t\t<h1 class=\"elementor-heading-title elementor-size-default\"><a href=\"https:\/\/ipower.hu\/index.php\/2023\/11\/10\/art-is-business\/\">Art is Business interj\u00fa<\/a><\/h1>\t\t<\/div>\n\t\t\t\t<\/div>\n\t\t\t\t<div class=\"elementor-element elementor-element-084d0dc elementor-widget elementor-widget-theme-post-excerpt\" data-id=\"084d0dc\" data-element_type=\"widget\" data-widget_type=\"theme-post-excerpt.default\">\n\t\t\t\t<div class=\"elementor-widget-container\">\n\t\t\t<p>Az\u00a0Art is Business\u00a02023. \u00e9vi D\u00edj\u00e1tad\u00f3 Partnerek\u00e9nt az \u00fcgyvezet\u0151 tulajdonosunkkal,\u00a0Perj\u00e9si P\u00e9terrel k\u00e9sz\u00edtett interj\u00fa r\u00e1mutat arra, hogy mennyire fontos a h\u00e1tr\u00e1nyos helyzetben \u00e9l\u0151 csal\u00e1dok, gyermekek t\u00e1mogat\u00e1sa&#8230; \u201eEgy sikeresen m\u0171k\u00f6d\u0151 v\u00e1llalkoz\u00e1s vezet\u0151jek\u00e9nt k\u00f6teless\u00e9gemnek\t\t<\/div>\n\t\t\t\t<\/div>\n\t\t\t\t\t<\/div>\n\t\t\t\t<\/div>\n\t\t\t\t\t<\/div>\n\t\t\t\t<\/div>\n\t\t\t\t\t\t<\/div>\n\t\t\t\t<div data-elementor-type=\"loop-item\" data-elementor-id=\"170\" class=\"elementor elementor-170 e-loop-item e-loop-item-179 post-179 post type-post status-publish format-standard has-post-thumbnail hentry category-egyeb\" data-elementor-post-type=\"elementor_library\" data-custom-edit-handle=\"1\">\n\t\t\t\t\t\t<div class=\"elementor-element elementor-element-53cf0b8 bg-blur e-flex e-con-boxed e-con e-parent\" data-id=\"53cf0b8\" data-element_type=\"container\" data-settings=\"{&quot;background_background&quot;:&quot;classic&quot;,&quot;content_width&quot;:&quot;boxed&quot;}\" data-core-v316-plus=\"true\">\n\t\t\t\t\t<div class=\"e-con-inner\">\n\t\t\t\t<div class=\"elementor-element elementor-element-4c5c078 elementor-widget elementor-widget-theme-post-featured-image elementor-widget-image\" data-id=\"4c5c078\" data-element_type=\"widget\" data-widget_type=\"theme-post-featured-image.default\">\n\t\t\t\t<div class=\"elementor-widget-container\">\n\t\t\t\t\t\t\t\t\t\t\t\t\t\t\t<img loading=\"lazy\" decoding=\"async\" width=\"800\" height=\"534\" src=\"https:\/\/ipower.hu\/wp-content\/uploads\/2023\/11\/DSC09538-Enhanced-NR-2-1024x683.jpg\" class=\"attachment-large size-large wp-image-702\" alt=\"\" srcset=\"https:\/\/ipower.hu\/wp-content\/uploads\/2023\/11\/DSC09538-Enhanced-NR-2-1024x683.jpg 1024w, https:\/\/ipower.hu\/wp-content\/uploads\/2023\/11\/DSC09538-Enhanced-NR-2-300x200.jpg 300w, https:\/\/ipower.hu\/wp-content\/uploads\/2023\/11\/DSC09538-Enhanced-NR-2-768x512.jpg 768w, https:\/\/ipower.hu\/wp-content\/uploads\/2023\/11\/DSC09538-Enhanced-NR-2-1536x1024.jpg 1536w, https:\/\/ipower.hu\/wp-content\/uploads\/2023\/11\/DSC09538-Enhanced-NR-2-2048x1366.jpg 2048w\" sizes=\"(max-width: 800px) 100vw, 800px\" \/>\t\t\t\t\t\t\t\t\t\t\t\t\t\t\t<\/div>\n\t\t\t\t<\/div>\n\t\t<div class=\"elementor-element elementor-element-bf4e613 e-flex e-con-boxed e-con e-child\" data-id=\"bf4e613\" data-element_type=\"container\" data-settings=\"{&quot;content_width&quot;:&quot;boxed&quot;}\">\n\t\t\t\t\t<div class=\"e-con-inner\">\n\t\t\t\t<div class=\"elementor-element elementor-element-7a2f3ae elementor-widget elementor-widget-theme-post-title elementor-page-title elementor-widget-heading\" data-id=\"7a2f3ae\" data-element_type=\"widget\" data-widget_type=\"theme-post-title.default\">\n\t\t\t\t<div class=\"elementor-widget-container\">\n\t\t\t<h1 class=\"elementor-heading-title elementor-size-default\"><a href=\"https:\/\/ipower.hu\/index.php\/2023\/11\/10\/fuge\/\">F\u00dcGE &#8211; t\u00e1rsadalmi szerepv\u00e1llal\u00e1s<\/a><\/h1>\t\t<\/div>\n\t\t\t\t<\/div>\n\t\t\t\t<div class=\"elementor-element elementor-element-084d0dc elementor-widget elementor-widget-theme-post-excerpt\" data-id=\"084d0dc\" data-element_type=\"widget\" data-widget_type=\"theme-post-excerpt.default\">\n\t\t\t\t<div class=\"elementor-widget-container\">\n\t\t\t<p>K\u00f6zel 10 \u00e9ve, hogy az Intelligent Power Solutions Kft. a t\u00e1rsadalmi szerepv\u00e1llal\u00e1s keretein bel\u00fcl t\u00e1mogatja a F\u00dcGE Egyes\u00fcletet. Az Egyes\u00fclet r\u00e1szorul\u00f3 gyermekek sz\u00e1m\u00e1ra juttat el sz\u00ednh\u00e1zi darabokat, az orsz\u00e1g legelz\u00e1rtabb\t\t<\/div>\n\t\t\t\t<\/div>\n\t\t\t\t\t<\/div>\n\t\t\t\t<\/div>\n\t\t\t\t\t<\/div>\n\t\t\t\t<\/div>\n\t\t\t\t\t\t<\/div>\n\t\t\t\t<\/div>\n\t\t\n\t\t\t\t<\/div>\n\t\t\t\t<\/div>\n\t\t\t\t\t<\/div>\n\t\t\t\t<\/div>\n\t\t\t\t\t\t\t<\/div>\n\t\t","protected":false},"excerpt":{"rendered":"","protected":false},"author":1,"featured_media":0,"parent":0,"menu_order":0,"comment_status":"closed","ping_status":"closed","template":"","meta":{"footnotes":""},"class_list":["post-64","page","type-page","status-publish","hentry"],"_links":{"self":[{"href":"https:\/\/ipower.hu\/index.php\/wp-json\/wp\/v2\/pages\/64","targetHints":{"allow":["GET"]}}],"collection":[{"href":"https:\/\/ipower.hu\/index.php\/wp-json\/wp\/v2\/pages"}],"about":[{"href":"https:\/\/ipower.hu\/index.php\/wp-json\/wp\/v2\/types\/page"}],"author":[{"embeddable":true,"href":"https:\/\/ipower.hu\/index.php\/wp-json\/wp\/v2\/users\/1"}],"replies":[{"embeddable":true,"href":"https:\/\/ipower.hu\/index.php\/wp-json\/wp\/v2\/comments?post=64"}],"version-history":[{"count":13,"href":"https:\/\/ipower.hu\/index.php\/wp-json\/wp\/v2\/pages\/64\/revisions"}],"predecessor-version":[{"id":954,"href":"https:\/\/ipower.hu\/index.php\/wp-json\/wp\/v2\/pages\/64\/revisions\/954"}],"wp:attachment":[{"href":"https:\/\/ipower.hu\/index.php\/wp-json\/wp\/v2\/media?parent=64"}],"curies":[{"name":"wp","href":"https:\/\/api.w.org\/{rel}","templated":true}]}}